{"id":1314,"date":"2024-07-03T21:49:54","date_gmt":"2024-07-03T21:49:54","guid":{"rendered":"https:\/\/alltranscargogroup.com\/?page_id=1314"},"modified":"2024-10-28T19:05:05","modified_gmt":"2024-10-28T19:05:05","slug":"courier","status":"publish","type":"page","link":"https:\/\/alltranscargogroup.com\/en\/courier\/","title":{"rendered":"Courier"},"content":{"rendered":"<div class=\"slider-wrapper relative\" id=\"slider-99202150\" >\n    <div class=\"slider slider-nav-circle slider-nav-large slider-nav-light slider-style-normal\"\n        data-flickity-options='{            \"cellAlign\": \"center\",            \"imagesLoaded\": true,            \"lazyLoad\": 1,            \"freeScroll\": false,            \"wrapAround\": true,            \"autoPlay\": 3000,            \"pauseAutoPlayOnHover\" : true,            \"prevNextButtons\": true,            \"contain\" : true,            \"adaptiveHeight\" : true,            \"dragThreshold\" : 10,            \"percentPosition\": true,            \"pageDots\": true,            \"rightToLeft\": false,            \"draggable\": true,            \"selectedAttraction\": 0.1,            \"parallax\" : 0,            \"friction\": 0.6        }'\n        >\n        \n\n\n  <div class=\"banner has-hover\" id=\"banner-932107051\">\n          <div class=\"banner-inner fill\">\n        <div class=\"banner-bg fill\" >\n            <img loading=\"lazy\" decoding=\"async\" width=\"2560\" height=\"1435\" src=\"https:\/\/alltranscargogroup.com\/wp-content\/uploads\/2024\/07\/cargo-plane-loading-runway-with-packages-scaled.jpg\" class=\"bg attachment-original size-original\" alt=\"\" \/>                        <div class=\"overlay\"><\/div>            \n                    <\/div>\n\t\t\n        <div class=\"banner-layers container\">\n            <div class=\"fill banner-link\"><\/div>            \n\n   <div id=\"text-box-932604129\" class=\"text-box banner-layer x5 md-x5 lg-x5 y95 md-y50 lg-y50 res-text\">\n                                <div class=\"text-box-content text box-shadow-1\">\n              \n              <div class=\"text-inner text-left\">\n                  \n\n<h6>ATX Te conecta con el mundo<\/h6>\n<h3 class=\"uppercase\">env\u00edos confiables<\/h3>\n<p>El mejor servicio de env\u00edos entre Estados Unidos y Ecuador<\/p>\n<a href=\"https:\/\/atxecu.com\/\" target=\"_blank\" class=\"button primary is-gradient\" rel=\"noopener\" >\n\t\t<span>ATX ECUADOR<\/span>\n\t<\/a>\n\n\n\n              <\/div>\n           <\/div>\n                            \n<style>\n#text-box-932604129 .text-box-content {\n  background-color: rgba(255, 255, 255, 0.94);\n  font-size: 100%;\n}\n#text-box-932604129 .text-inner {\n  padding: 30px 30px 30px 30px;\n}\n#text-box-932604129 {\n  width: 90%;\n}\n@media (min-width:550px) {\n  #text-box-932604129 {\n    width: 44%;\n  }\n}\n<\/style>\n    <\/div>\n \n\t<div class=\"img has-hover x100 md-x100 lg-x100 y50 md-y50 lg-y50\" id=\"image_85622785\">\n\t\t\t\t\t\t\t\t<div class=\"img-inner dark\" style=\"margin:0px 0px 0px 0px;\">\n\t\t\t<img loading=\"lazy\" decoding=\"async\" width=\"800\" height=\"800\" src=\"https:\/\/alltranscargogroup.com\/wp-content\/uploads\/2024\/10\/PERRTIO-ATX_Mascota-800x800.png\" class=\"attachment-large size-large\" alt=\"\" srcset=\"https:\/\/alltranscargogroup.com\/wp-content\/uploads\/2024\/10\/PERRTIO-ATX_Mascota-800x800.png 800w, https:\/\/alltranscargogroup.com\/wp-content\/uploads\/2024\/10\/PERRTIO-ATX_Mascota-400x400.png 400w, https:\/\/alltranscargogroup.com\/wp-content\/uploads\/2024\/10\/PERRTIO-ATX_Mascota-280x280.png 280w, https:\/\/alltranscargogroup.com\/wp-content\/uploads\/2024\/10\/PERRTIO-ATX_Mascota-768x768.png 768w, https:\/\/alltranscargogroup.com\/wp-content\/uploads\/2024\/10\/PERRTIO-ATX_Mascota-1536x1536.png 1536w, https:\/\/alltranscargogroup.com\/wp-content\/uploads\/2024\/10\/PERRTIO-ATX_Mascota-2048x2048.png 2048w, https:\/\/alltranscargogroup.com\/wp-content\/uploads\/2024\/10\/PERRTIO-ATX_Mascota-12x12.png 12w\" sizes=\"auto, (max-width: 800px) 100vw, 800px\" \/>\t\t\t\t\t\t\n\t\t\t\t\t<\/div>\n\t\t\t\t\t\t\t\t\n<style>\n#image_85622785 {\n  width: 60%;\n}\n<\/style>\n\t<\/div>\n\t\n\n\n        <\/div>\n      <\/div>\n\n            \n<style>\n#banner-932107051 {\n  padding-top: 637px;\n}\n#banner-932107051 .overlay {\n  background-color: rgba(19, 97, 168, 0.9);\n}\n#banner-932107051 .banner-bg img {\n  object-position: 60% 85%;\n}\n<\/style>\n  <\/div>\n\n\n\n  <div class=\"banner has-hover\" id=\"banner-1850545883\">\n          <div class=\"banner-inner fill\">\n        <div class=\"banner-bg fill\" >\n            <img loading=\"lazy\" decoding=\"async\" width=\"1020\" height=\"680\" src=\"https:\/\/alltranscargogroup.com\/wp-content\/uploads\/2024\/07\/plane-flying-cargo-ship-cargo-ship-1200x800.jpg\" class=\"bg attachment-large size-large\" alt=\"\" \/>                        <div class=\"overlay\"><\/div>            \n                    <\/div>\n\t\t\n        <div class=\"banner-layers container\">\n            <div class=\"fill banner-link\"><\/div>            \n\n   <div id=\"text-box-1226953042\" class=\"text-box banner-layer x5 md-x5 lg-x5 y90 md-y50 lg-y50 res-text\">\n                                <div class=\"text-box-content text box-shadow-1\">\n              \n              <div class=\"text-inner text-left\">\n                  \n\n<h6>ATX Te conecta con el mundo<\/h6>\n<h3 class=\"uppercase\">env\u00edos confiables<\/h3>\n<p>El mejor servicio de env\u00edos entre Estados Unidos y Venezuela<\/p>\n<a href=\"https:\/\/atxve.com\/\" target=\"_blank\" class=\"button primary\" rel=\"noopener\" >\n\t\t<span>ATX VENEZUELA<\/span>\n\t<\/a>\n\n\n\n              <\/div>\n           <\/div>\n                            \n<style>\n#text-box-1226953042 .text-box-content {\n  background-color: rgba(255, 255, 255, 0.94);\n  font-size: 100%;\n}\n#text-box-1226953042 .text-inner {\n  padding: 30px 30px 30px 30px;\n}\n#text-box-1226953042 {\n  width: 88%;\n}\n@media (min-width:550px) {\n  #text-box-1226953042 {\n    width: 50%;\n  }\n}\n<\/style>\n    <\/div>\n \n\t<div class=\"img has-hover x100 md-x100 lg-x100 y50 md-y50 lg-y50\" id=\"image_1726215728\">\n\t\t\t\t\t\t\t\t<div class=\"img-inner dark\" style=\"margin:0px 0px 0px 0px;\">\n\t\t\t<img loading=\"lazy\" decoding=\"async\" width=\"800\" height=\"800\" src=\"https:\/\/alltranscargogroup.com\/wp-content\/uploads\/2024\/10\/PERRTIO-ATX_Mascota-800x800.png\" class=\"attachment-large size-large\" alt=\"\" srcset=\"https:\/\/alltranscargogroup.com\/wp-content\/uploads\/2024\/10\/PERRTIO-ATX_Mascota-800x800.png 800w, https:\/\/alltranscargogroup.com\/wp-content\/uploads\/2024\/10\/PERRTIO-ATX_Mascota-400x400.png 400w, https:\/\/alltranscargogroup.com\/wp-content\/uploads\/2024\/10\/PERRTIO-ATX_Mascota-280x280.png 280w, https:\/\/alltranscargogroup.com\/wp-content\/uploads\/2024\/10\/PERRTIO-ATX_Mascota-768x768.png 768w, https:\/\/alltranscargogroup.com\/wp-content\/uploads\/2024\/10\/PERRTIO-ATX_Mascota-1536x1536.png 1536w, https:\/\/alltranscargogroup.com\/wp-content\/uploads\/2024\/10\/PERRTIO-ATX_Mascota-2048x2048.png 2048w, https:\/\/alltranscargogroup.com\/wp-content\/uploads\/2024\/10\/PERRTIO-ATX_Mascota-12x12.png 12w\" sizes=\"auto, (max-width: 800px) 100vw, 800px\" \/>\t\t\t\t\t\t\n\t\t\t\t\t<\/div>\n\t\t\t\t\t\t\t\t\n<style>\n#image_1726215728 {\n  width: 60%;\n}\n<\/style>\n\t<\/div>\n\t\n\n\n        <\/div>\n      <\/div>\n\n            \n<style>\n#banner-1850545883 {\n  padding-top: 637px;\n}\n#banner-1850545883 .overlay {\n  background-color: rgba(19, 97, 168, 0.9);\n}\n#banner-1850545883 .banner-bg img {\n  object-position: 66% 33%;\n}\n<\/style>\n  <\/div>\n\n\n\n     <\/div>\n\n     <div class=\"loading-spin dark large centered\"><\/div>\n\n\t<\/div>\n\n\n\n\t<section class=\"section\" id=\"section_258606684\">\n\t\t<div class=\"section-bg fill\" >\n\t\t\t\t\t\t\t\t\t<div class=\"section-bg-overlay absolute fill\"><\/div>\n\t\t\t\n\t<div class=\"is-border\"\n\t\tstyle=\"border-width:1px 0px 1px 0px;\">\n\t<\/div>\n\n\t\t<\/div>\n\n\t\t\n\n\t\t<div class=\"section-content relative\">\n\t\t\t\n\n<div class=\"row row-large align-middle\"  id=\"row-688972059\">\n\n\n\t<div id=\"col-670102744\" class=\"col medium-6 small-12 large-6\"  >\n\t\t\t\t<div class=\"col-inner\"  >\n\t\t\t\n\t\t\t\n\n\t<div class=\"img has-hover x md-x lg-x y md-y lg-y\" id=\"image_1627710068\">\n\t\t\t\t\t\t\t\t<div class=\"img-inner box-shadow-2 dark\" >\n\t\t\t\t\t\t\t\t\t\n\t\t\t\t\t<\/div>\n\t\t\t\t\t\t\t\t\n<style>\n#image_1627710068 {\n  width: 100%;\n}\n<\/style>\n\t<\/div>\n\t\n\n\t<div class=\"img has-hover x md-x lg-x y md-y lg-y\" id=\"image_712609664\">\n\t\t<a class=\"\" href=\"https:\/\/atxecu.com\/\" target=\"_blank\" rel=\"noopener\" >\t\t\t\t\t\t<div class=\"img-inner image-zoom dark\" style=\"margin:0px 0px 0px 0px;\">\n\t\t\t<img loading=\"lazy\" decoding=\"async\" width=\"801\" height=\"800\" src=\"https:\/\/alltranscargogroup.com\/wp-content\/uploads\/2024\/07\/LOGO-ATX-ec-BOTN_Mesa-de-trabajo-1-801x800.png\" class=\"attachment-large size-large\" alt=\"\" srcset=\"https:\/\/alltranscargogroup.com\/wp-content\/uploads\/2024\/07\/LOGO-ATX-ec-BOTN_Mesa-de-trabajo-1-801x800.png 801w, https:\/\/alltranscargogroup.com\/wp-content\/uploads\/2024\/07\/LOGO-ATX-ec-BOTN_Mesa-de-trabajo-1-400x400.png 400w, https:\/\/alltranscargogroup.com\/wp-content\/uploads\/2024\/07\/LOGO-ATX-ec-BOTN_Mesa-de-trabajo-1-280x280.png 280w, https:\/\/alltranscargogroup.com\/wp-content\/uploads\/2024\/07\/LOGO-ATX-ec-BOTN_Mesa-de-trabajo-1-768x767.png 768w, https:\/\/alltranscargogroup.com\/wp-content\/uploads\/2024\/07\/LOGO-ATX-ec-BOTN_Mesa-de-trabajo-1-12x12.png 12w, https:\/\/alltranscargogroup.com\/wp-content\/uploads\/2024\/07\/LOGO-ATX-ec-BOTN_Mesa-de-trabajo-1.png 1271w\" sizes=\"auto, (max-width: 801px) 100vw, 801px\" \/>\t\t\t\t\t\t\n\t\t\t\t\t<\/div>\n\t\t\t\t\t\t<\/a>\t\t\n<style>\n#image_712609664 {\n  width: 50%;\n}\n<\/style>\n\t<\/div>\n\t\n\n\n\t\t<\/div>\n\t\t\t\t\n<style>\n#col-670102744 > .col-inner {\n  margin: 0px 0px 0px 90px;\n}\n@media (min-width:550px) {\n  #col-670102744 > .col-inner {\n    margin: 0px 0px 0px 125px;\n  }\n}\n<\/style>\n\t<\/div>\n\n\t\n\n\t<div id=\"col-730103813\" class=\"col medium-6 small-12 large-6\"  >\n\t\t\t\t<div class=\"col-inner text-left\"  >\n\t\t\t\n\t\t\t\n\n<h2 class=\"uppercase\">ALL TRANS XPRESS<\/h2>\n<p>Expertos en log\u00edstica y transporte para tus env\u00edos entre Estados Unidos y Ecuador. Conf\u00eda en nosotros para soluciones eficientes y seguras que llevan tus paquetes a su destino de manera confiable.<\/p>\n<a href=\"https:\/\/atxecu.com\/\" target=\"_blank\" class=\"button primary\" rel=\"noopener\" >\n\t\t<span>ATX ECUADOR<\/span>\n\t<\/a>\n\n\n\n\t\t<\/div>\n\t\t\t\t\t<\/div>\n\n\t\n\n<\/div>\n\n\t\t<\/div>\n\n\t\t\n<style>\n#section_258606684 {\n  padding-top: 60px;\n  padding-bottom: 60px;\n  background-color: rgb(193, 193, 193);\n}\n#section_258606684 .section-bg-overlay {\n  background-color: rgba(255, 255, 255, 0.85);\n}\n<\/style>\n\t<\/section>\n\t\n\n\t<section class=\"section\" id=\"section_105168119\">\n\t\t<div class=\"section-bg fill\" >\n\t\t\t\t\t\t\t\t\t<div class=\"section-bg-overlay absolute fill\"><\/div>\n\t\t\t\n\n\t\t<\/div>\n\n\t\t\n\n\t\t<div class=\"section-content relative\">\n\t\t\t\n\n<div class=\"row row-large align-middle\"  id=\"row-31945073\">\n\n\n\t<div id=\"col-117421492\" class=\"col medium-6 small-12 large-6\"  >\n\t\t\t\t<div class=\"col-inner text-left\"  >\n\t\t\t\n\t\t\t\n\n<h2 class=\"uppercase\">ALL TRANS XPRESS<\/h2>\n<p>Expertos en log\u00edstica y transporte para tus env\u00edos entre Estados Unidos y Venezuela. Conf\u00eda en nosotros para soluciones eficientes y seguras que llevan tus paquetes a su destino de manera confiable.<\/p>\n<a href=\"https:\/\/atxve.com\/\" target=\"_blank\" class=\"button primary\" rel=\"noopener\" >\n\t\t<span>ATX VENEZUELA<\/span>\n\t<\/a>\n\n\n\n\t\t<\/div>\n\t\t\t\t\t<\/div>\n\n\t\n\n\t<div id=\"col-71777286\" class=\"col medium-6 small-12 large-6\"  >\n\t\t\t\t<div class=\"col-inner\"  >\n\t\t\t\n\t<div class=\"is-border\"\n\t\tstyle=\"border-width:0px 0px 0px 0px;margin:0px 0px 0px 0px;\">\n\t<\/div>\n\t\t\t\n\n\t<div class=\"img has-hover x md-x lg-x y md-y lg-y\" id=\"image_1837968011\">\n\t\t\t\t\t\t\t\t<div class=\"img-inner box-shadow-2 dark\" >\n\t\t\t\t\t\t\t\t\t\n\t\t\t\t\t<\/div>\n\t\t\t\t\t\t\t\t\n<style>\n#image_1837968011 {\n  width: 100%;\n}\n<\/style>\n\t<\/div>\n\t\n\n\t<div class=\"img has-hover x md-x lg-x y md-y lg-y\" id=\"image_104780336\">\n\t\t<a class=\"\" href=\"https:\/\/atxve.com\/\" target=\"_blank\" rel=\"noopener\" >\t\t\t\t\t\t<div class=\"img-inner image-zoom dark\" >\n\t\t\t<img loading=\"lazy\" decoding=\"async\" width=\"801\" height=\"800\" src=\"https:\/\/alltranscargogroup.com\/wp-content\/uploads\/2024\/07\/LOGO-ATX-ve-BOTN_Mesa-de-trabajo-1-801x800.png\" class=\"attachment-large size-large\" alt=\"\" srcset=\"https:\/\/alltranscargogroup.com\/wp-content\/uploads\/2024\/07\/LOGO-ATX-ve-BOTN_Mesa-de-trabajo-1-801x800.png 801w, https:\/\/alltranscargogroup.com\/wp-content\/uploads\/2024\/07\/LOGO-ATX-ve-BOTN_Mesa-de-trabajo-1-400x400.png 400w, https:\/\/alltranscargogroup.com\/wp-content\/uploads\/2024\/07\/LOGO-ATX-ve-BOTN_Mesa-de-trabajo-1-280x280.png 280w, https:\/\/alltranscargogroup.com\/wp-content\/uploads\/2024\/07\/LOGO-ATX-ve-BOTN_Mesa-de-trabajo-1-768x767.png 768w, https:\/\/alltranscargogroup.com\/wp-content\/uploads\/2024\/07\/LOGO-ATX-ve-BOTN_Mesa-de-trabajo-1-12x12.png 12w, https:\/\/alltranscargogroup.com\/wp-content\/uploads\/2024\/07\/LOGO-ATX-ve-BOTN_Mesa-de-trabajo-1.png 1271w\" sizes=\"auto, (max-width: 801px) 100vw, 801px\" \/>\t\t\t\t\t\t\n\t\t\t\t\t<\/div>\n\t\t\t\t\t\t<\/a>\t\t\n<style>\n#image_104780336 {\n  width: 50%;\n}\n<\/style>\n\t<\/div>\n\t\n\n\n\t\t<\/div>\n\t\t\t\t\n<style>\n#col-71777286 > .col-inner {\n  margin: 0px 0px 0px 90px;\n}\n@media (min-width:550px) {\n  #col-71777286 > .col-inner {\n    margin: 0px 0px 0px 125px;\n  }\n}\n<\/style>\n\t<\/div>\n\n\t\n\n<\/div>\n\n\t\t<\/div>\n\n\t\t\n<style>\n#section_105168119 {\n  padding-top: 60px;\n  padding-bottom: 60px;\n  background-color: rgb(255, 255, 255);\n}\n#section_105168119 .section-bg-overlay {\n  background-color: rgba(255, 255, 255, 0.85);\n}\n<\/style>\n\t<\/section>","protected":false},"excerpt":{"rendered":"","protected":false},"author":2,"featured_media":0,"parent":0,"menu_order":0,"comment_status":"closed","ping_status":"closed","template":"page-blank.php","meta":{"_joinchat":[],"footnotes":""},"class_list":["post-1314","page","type-page","status-publish","hentry"],"yoast_head":"<!-- This site is optimized with the Yoast SEO plugin v27.4 - https:\/\/yoast.com\/product\/yoast-seo-wordpress\/ -->\n<title>Courier - All Trans Cargo Group<\/title>\n<meta name=\"robots\" content=\"index, follow, max-snippet:-1, max-image-preview:large, max-video-preview:-1\" \/>\n<link rel=\"canonical\" href=\"https:\/\/alltranscargogroup.com\/en\/courier\/\" \/>\n<meta property=\"og:locale\" content=\"en_US\" \/>\n<meta property=\"og:type\" content=\"article\" \/>\n<meta property=\"og:title\" content=\"Courier - All Trans Cargo Group\" \/>\n<meta property=\"og:url\" content=\"https:\/\/alltranscargogroup.com\/en\/courier\/\" \/>\n<meta property=\"og:site_name\" content=\"All Trans Cargo Group\" \/>\n<meta property=\"article:publisher\" content=\"https:\/\/www.facebook.com\/Alltranscargogroup\" \/>\n<meta property=\"article:modified_time\" content=\"2024-10-28T19:05:05+00:00\" \/>\n<meta name=\"twitter:card\" content=\"summary_large_image\" \/>\n<meta name=\"twitter:site\" content=\"@alltranscargo\" \/>\n<meta name=\"twitter:label1\" content=\"Est. reading time\" \/>\n\t<meta name=\"twitter:data1\" content=\"2 minutes\" \/>\n<script type=\"application\/ld+json\" class=\"yoast-schema-graph\">{\"@context\":\"https:\\\/\\\/schema.org\",\"@graph\":[{\"@type\":\"WebPage\",\"@id\":\"https:\\\/\\\/alltranscargogroup.com\\\/courier\\\/\",\"url\":\"https:\\\/\\\/alltranscargogroup.com\\\/courier\\\/\",\"name\":\"Courier - All Trans Cargo Group\",\"isPartOf\":{\"@id\":\"https:\\\/\\\/alltranscargogroup.com\\\/#website\"},\"datePublished\":\"2024-07-03T21:49:54+00:00\",\"dateModified\":\"2024-10-28T19:05:05+00:00\",\"breadcrumb\":{\"@id\":\"https:\\\/\\\/alltranscargogroup.com\\\/courier\\\/#breadcrumb\"},\"inLanguage\":\"en-US\",\"potentialAction\":[{\"@type\":\"ReadAction\",\"target\":[\"https:\\\/\\\/alltranscargogroup.com\\\/courier\\\/\"]}]},{\"@type\":\"BreadcrumbList\",\"@id\":\"https:\\\/\\\/alltranscargogroup.com\\\/courier\\\/#breadcrumb\",\"itemListElement\":[{\"@type\":\"ListItem\",\"position\":1,\"name\":\"Portada\",\"item\":\"https:\\\/\\\/alltranscargogroup.com\\\/\"},{\"@type\":\"ListItem\",\"position\":2,\"name\":\"Courier\"}]},{\"@type\":\"WebSite\",\"@id\":\"https:\\\/\\\/alltranscargogroup.com\\\/#website\",\"url\":\"https:\\\/\\\/alltranscargogroup.com\\\/\",\"name\":\"All Trans Cargo Group\",\"description\":\"All Trans Cargo Group\",\"publisher\":{\"@id\":\"https:\\\/\\\/alltranscargogroup.com\\\/#organization\"},\"potentialAction\":[{\"@type\":\"SearchAction\",\"target\":{\"@type\":\"EntryPoint\",\"urlTemplate\":\"https:\\\/\\\/alltranscargogroup.com\\\/?s={search_term_string}\"},\"query-input\":{\"@type\":\"PropertyValueSpecification\",\"valueRequired\":true,\"valueName\":\"search_term_string\"}}],\"inLanguage\":\"en-US\"},{\"@type\":\"Organization\",\"@id\":\"https:\\\/\\\/alltranscargogroup.com\\\/#organization\",\"name\":\"All Trans Cargo Group\",\"url\":\"https:\\\/\\\/alltranscargogroup.com\\\/\",\"logo\":{\"@type\":\"ImageObject\",\"inLanguage\":\"en-US\",\"@id\":\"https:\\\/\\\/alltranscargogroup.com\\\/#\\\/schema\\\/logo\\\/image\\\/\",\"url\":\"https:\\\/\\\/alltranscargogroup.com\\\/wp-content\\\/uploads\\\/2016\\\/08\\\/LOGO-ALL-TRANS-CARGO-GROUP.png\",\"contentUrl\":\"https:\\\/\\\/alltranscargogroup.com\\\/wp-content\\\/uploads\\\/2016\\\/08\\\/LOGO-ALL-TRANS-CARGO-GROUP.png\",\"width\":5625,\"height\":2057,\"caption\":\"All Trans Cargo Group\"},\"image\":{\"@id\":\"https:\\\/\\\/alltranscargogroup.com\\\/#\\\/schema\\\/logo\\\/image\\\/\"},\"sameAs\":[\"https:\\\/\\\/www.facebook.com\\\/Alltranscargogroup\",\"https:\\\/\\\/x.com\\\/alltranscargo\",\"https:\\\/\\\/www.threads.net\\\/@alltranscargogroup?xmt=AQGzOWF-PAlbJeTDKdg8C_LAx7g8oE9CnaRAP2ktb7Cdnqc\"]}]}<\/script>\n<!-- \/ Yoast SEO plugin. -->","yoast_head_json":{"title":"Courier - All Trans Cargo Group","robots":{"index":"index","follow":"follow","max-snippet":"max-snippet:-1","max-image-preview":"max-image-preview:large","max-video-preview":"max-video-preview:-1"},"canonical":"https:\/\/alltranscargogroup.com\/en\/courier\/","og_locale":"en_US","og_type":"article","og_title":"Courier - All Trans Cargo Group","og_url":"https:\/\/alltranscargogroup.com\/en\/courier\/","og_site_name":"All Trans Cargo Group","article_publisher":"https:\/\/www.facebook.com\/Alltranscargogroup","article_modified_time":"2024-10-28T19:05:05+00:00","twitter_card":"summary_large_image","twitter_site":"@alltranscargo","twitter_misc":{"Est. reading time":"2 minutes"},"schema":{"@context":"https:\/\/schema.org","@graph":[{"@type":"WebPage","@id":"https:\/\/alltranscargogroup.com\/courier\/","url":"https:\/\/alltranscargogroup.com\/courier\/","name":"Courier - All Trans Cargo Group","isPartOf":{"@id":"https:\/\/alltranscargogroup.com\/#website"},"datePublished":"2024-07-03T21:49:54+00:00","dateModified":"2024-10-28T19:05:05+00:00","breadcrumb":{"@id":"https:\/\/alltranscargogroup.com\/courier\/#breadcrumb"},"inLanguage":"en-US","potentialAction":[{"@type":"ReadAction","target":["https:\/\/alltranscargogroup.com\/courier\/"]}]},{"@type":"BreadcrumbList","@id":"https:\/\/alltranscargogroup.com\/courier\/#breadcrumb","itemListElement":[{"@type":"ListItem","position":1,"name":"Portada","item":"https:\/\/alltranscargogroup.com\/"},{"@type":"ListItem","position":2,"name":"Courier"}]},{"@type":"WebSite","@id":"https:\/\/alltranscargogroup.com\/#website","url":"https:\/\/alltranscargogroup.com\/","name":"All Trans Cargo Group,","description":"All Trans Cargo Group,","publisher":{"@id":"https:\/\/alltranscargogroup.com\/#organization"},"potentialAction":[{"@type":"SearchAction","target":{"@type":"EntryPoint","urlTemplate":"https:\/\/alltranscargogroup.com\/?s={search_term_string}"},"query-input":{"@type":"PropertyValueSpecification","valueRequired":true,"valueName":"search_term_string"}}],"inLanguage":"en-US"},{"@type":"Organization","@id":"https:\/\/alltranscargogroup.com\/#organization","name":"All Trans Cargo Group,","url":"https:\/\/alltranscargogroup.com\/","logo":{"@type":"ImageObject","inLanguage":"en-US","@id":"https:\/\/alltranscargogroup.com\/#\/schema\/logo\/image\/","url":"https:\/\/alltranscargogroup.com\/wp-content\/uploads\/2016\/08\/LOGO-ALL-TRANS-CARGO-GROUP.png","contentUrl":"https:\/\/alltranscargogroup.com\/wp-content\/uploads\/2016\/08\/LOGO-ALL-TRANS-CARGO-GROUP.png","width":5625,"height":2057,"caption":"All Trans Cargo Group"},"image":{"@id":"https:\/\/alltranscargogroup.com\/#\/schema\/logo\/image\/"},"sameAs":["https:\/\/www.facebook.com\/Alltranscargogroup","https:\/\/x.com\/alltranscargo","https:\/\/www.threads.net\/@alltranscargogroup?xmt=AQGzOWF-PAlbJeTDKdg8C_LAx7g8oE9CnaRAP2ktb7Cdnqc"]}]}},"_links":{"self":[{"href":"https:\/\/alltranscargogroup.com\/en\/wp-json\/wp\/v2\/pages\/1314","targetHints":{"allow":["GET"]}}],"collection":[{"href":"https:\/\/alltranscargogroup.com\/en\/wp-json\/wp\/v2\/pages"}],"about":[{"href":"https:\/\/alltranscargogroup.com\/en\/wp-json\/wp\/v2\/types\/page"}],"author":[{"embeddable":true,"href":"https:\/\/alltranscargogroup.com\/en\/wp-json\/wp\/v2\/users\/2"}],"replies":[{"embeddable":true,"href":"https:\/\/alltranscargogroup.com\/en\/wp-json\/wp\/v2\/comments?post=1314"}],"version-history":[{"count":20,"href":"https:\/\/alltranscargogroup.com\/en\/wp-json\/wp\/v2\/pages\/1314\/revisions"}],"predecessor-version":[{"id":1795,"href":"https:\/\/alltranscargogroup.com\/en\/wp-json\/wp\/v2\/pages\/1314\/revisions\/1795"}],"wp:attachment":[{"href":"https:\/\/alltranscargogroup.com\/en\/wp-json\/wp\/v2\/media?parent=1314"}],"curies":[{"name":"wp","href":"https:\/\/api.w.org\/{rel}","templated":true}]}}