{"id":2085,"date":"2025-01-27T16:54:23","date_gmt":"2025-01-27T16:54:23","guid":{"rendered":"https:\/\/alltranscargogroup.com\/?page_id=2085"},"modified":"2025-01-27T18:30:16","modified_gmt":"2025-01-27T18:30:16","slug":"project-cargo","status":"publish","type":"page","link":"https:\/\/alltranscargogroup.com\/en\/project-cargo\/","title":{"rendered":"Project Cargo"},"content":{"rendered":"<section class=\"section\" id=\"section_1791814373\">\n\t\t<div class=\"section-bg fill\" >\n\t\t\t<img loading=\"lazy\" decoding=\"async\" width=\"1920\" height=\"859\" src=\"https:\/\/alltranscargogroup.com\/wp-content\/uploads\/2025\/01\/AdobeStock_985189555.webp\" class=\"bg attachment-2048x2048 size-2048x2048\" alt=\"\" \/>\t\t\t\t\t\t<div class=\"section-bg-overlay absolute fill\"><\/div>\n\t\t\t\n\n\t\t<\/div>\n\n\t\t\n\n\t\t<div class=\"section-content relative\">\n\t\t\t\n\n\t<div id=\"gap-1442713856\" class=\"gap-element clearfix\" style=\"display:block; height:auto;\">\n\t\t\n<style>\n#gap-1442713856 {\n  padding-top: 39px;\n}\n<\/style>\n\t<\/div>\n\t\n\n<div class=\"row row-large align-middle align-center\"  id=\"row-768314420\">\n\n\n\t<div id=\"col-1229824614\" class=\"col medium-6 small-12 large-6\"  >\n\t\t\t\t<div class=\"col-inner text-center dark\" style=\"background-color:rgb(255, 255, 255);\" >\n\t\t\t\n\t\t\t\n\n<div class=\"row\"  id=\"row-1424533435\">\n\n\n\t<div id=\"col-87260090\" class=\"col small-12 large-12\"  >\n\t\t\t\t<div class=\"col-inner text-left\"  >\n\t\t\t\n\t\t\t\n\n\t<div id=\"text-3000551115\" class=\"text\">\n\t\t\n\n<h1> Project Cargo Service <\/h1>\n\n\t\t\n<style>\n#text-3000551115 {\n  line-height: 1.05;\n  text-align: center;\n  color: rgb(19, 97, 168);\n}\n#text-3000551115 > * {\n  color: rgb(19, 97, 168);\n}\n@media (min-width:550px) {\n  #text-3000551115 {\n    text-align: center;\n  }\n}\n<\/style>\n\t<\/div>\n\t\n\n\t\t<\/div>\n\t\t\t\t\n<style>\n#col-87260090 > .col-inner {\n  padding: 0px 0px 0px 0px;\n  margin: 7px 0px -44px 0px;\n}\n@media (min-width:550px) {\n  #col-87260090 > .col-inner {\n    margin: 22px -8px -52px 0px;\n  }\n}\n<\/style>\n\t<\/div>\n\n\t\n\n\n<style>\n#row-1424533435 > .col > .col-inner {\n  padding: 0px 0px 19px 0px;\n}\n@media (min-width:550px) {\n  #row-1424533435 > .col > .col-inner {\n    padding: 0px 0px 25px 0px;\n  }\n}\n<\/style>\n<\/div>\n\n\t\t<\/div>\n\t\t\t\t\n<style>\n#col-1229824614 > .col-inner {\n  padding: 0px 0px 0px 0px;\n  margin: 0px 0px 0px 0px;\n}\n@media (min-width:550px) {\n  #col-1229824614 > .col-inner {\n    margin: 0px 0px 238px 0px;\n  }\n}\n<\/style>\n\t<\/div>\n\n\t\n\n\t<div id=\"col-1738349159\" class=\"col medium-5 small-12 large-5\"  data-animate=\"flipInY\">\n\t\t\t\t<div class=\"col-inner text-left box-shadow-2 box-shadow-5-hover\" style=\"background-color:rgba(255, 255, 255, 0.965);\" >\n\t\t\t\n\t\t\t\n\n\t<div id=\"text-2365447702\" class=\"text\">\n\t\t\n\n<h2 class=\"head\" style=\"text-align: left;\"><span style=\"font-size: 95%; color: #1362a4;\">How can we help you?<\/span><\/h2>\n\t\t\n<style>\n#text-2365447702 {\n  color: #1361a8;\n}\n#text-2365447702 > * {\n  color: #1361a8;\n}\n<\/style>\n\t<\/div>\n\t\n\n<div class=\"wpcf7 no-js\" id=\"wpcf7-f350-o1\" lang=\"es-ES\" dir=\"ltr\" data-wpcf7-id=\"350\">\n<div class=\"screen-reader-response\"><p role=\"status\" aria-live=\"polite\" aria-atomic=\"true\"><\/p> <ul><\/ul><\/div>\n<form action=\"\/en\/wp-json\/wp\/v2\/pages\/2085#wpcf7-f350-o1\" method=\"post\" class=\"wpcf7-form init\" aria-label=\"Formulario de contacto\" novalidate=\"novalidate\" data-status=\"init\" data-trp-original-action=\"\/en\/wp-json\/wp\/v2\/pages\/2085#wpcf7-f350-o1\">\n<fieldset class=\"hidden-fields-container\"><input type=\"hidden\" name=\"_wpcf7\" value=\"350\" \/><input type=\"hidden\" name=\"_wpcf7_version\" value=\"6.1.5\" \/><input type=\"hidden\" name=\"_wpcf7_locale\" value=\"es_ES\" \/><input type=\"hidden\" name=\"_wpcf7_unit_tag\" value=\"wpcf7-f350-o1\" \/><input type=\"hidden\" name=\"_wpcf7_container_post\" value=\"0\" \/><input type=\"hidden\" name=\"_wpcf7_posted_data_hash\" value=\"\" \/>\n<\/fieldset>\n<div class=\"cf-container\">\n\t<div class=\"cf-col-6\">\n\t\t<p>Origin* <span class=\"wpcf7-form-control-wrap\" data-name=\"text-378\"><input size=\"40\" maxlength=\"400\" class=\"wpcf7-form-control wpcf7-text wpcf7-validates-as-required\" aria-required=\"true\" aria-invalid=\"false\" placeholder=\"Origin\" value=\"\" type=\"text\" name=\"text-378\" \/><\/span>\n\t\t<\/p>\n\t<\/div>\n\t<div class=\"cf-col-6\">\n\t\t<p>Destiny*<span class=\"wpcf7-form-control-wrap\" data-name=\"text-452\"><input size=\"40\" maxlength=\"400\" class=\"wpcf7-form-control wpcf7-text wpcf7-validates-as-required\" aria-required=\"true\" aria-invalid=\"false\" placeholder=\"Destiny\" value=\"\" type=\"text\" name=\"text-452\" \/><\/span>\n\t\t<\/p>\n\t<\/div>\n\t<div class=\"cf-col-12\">\n\t\t<p>Name*<span class=\"wpcf7-form-control-wrap\" data-name=\"text-49\"><input size=\"40\" maxlength=\"400\" class=\"wpcf7-form-control wpcf7-text wpcf7-validates-as-required\" aria-required=\"true\" aria-invalid=\"false\" placeholder=\"Name\" value=\"\" type=\"text\" name=\"text-49\" \/><\/span>\n\t\t<\/p>\n\t<\/div>\n\t<div class=\"cf-col-6\">\n\t\t<p>Telephone*<span class=\"wpcf7-form-control-wrap\" data-name=\"tel-555\"><input size=\"40\" maxlength=\"400\" class=\"wpcf7-form-control wpcf7-tel wpcf7-validates-as-required wpcf7-text wpcf7-validates-as-tel\" aria-required=\"true\" aria-invalid=\"false\" placeholder=\"Phone number\" value=\"\" type=\"tel\" name=\"tel-555\" \/><\/span>\n\t\t<\/p>\n\t<\/div>\n\t<div class=\"cf-col-6\">\n\t\t<p>Email*<span class=\"wpcf7-form-control-wrap\" data-name=\"text-943\"><input size=\"40\" maxlength=\"400\" class=\"wpcf7-form-control wpcf7-text wpcf7-validates-as-required\" aria-required=\"true\" aria-invalid=\"false\" placeholder=\"Correo Electr\u00f3nico\" value=\"\" type=\"text\" name=\"text-943\" \/><\/span>\n\t\t<\/p>\n\t<\/div>\n\t<div class=\"cf-col-12\">\n\t\t<p>Additional comment*<span class=\"wpcf7-form-control-wrap\" data-name=\"textarea-980\"><textarea cols=\"40\" rows=\"10\" maxlength=\"2000\" class=\"wpcf7-form-control wpcf7-textarea wpcf7-validates-as-required\" aria-required=\"true\" aria-invalid=\"false\" placeholder=\"Additional comment\" name=\"textarea-980\"><\/textarea><\/span>\n\t\t<\/p>\n\t<\/div>\n<\/div>\n<p><input class=\"wpcf7-form-control wpcf7-submit has-spinner\" type=\"submit\" value=\"To Send\" \/>\n<\/p><div class=\"wpcf7-response-output\" aria-hidden=\"true\"><\/div>\n<input type=\"hidden\" name=\"trp-form-language\" value=\"en\"\/><\/form>\n<\/div>\n\n\n\n\t\t<\/div>\n\t\t\t\t\n<style>\n#col-1738349159 > .col-inner {\n  padding: 15px 15px 15px 15px;\n  margin: 0px 0px 58px 0px;\n  border-radius: 10px;\n}\n@media (min-width:550px) {\n  #col-1738349159 > .col-inner {\n    margin: 0px 0px 159px 0px;\n  }\n}\n<\/style>\n\t<\/div>\n\n\t\n\n<\/div>\n\n\t\t<\/div>\n\n\t\t\n<style>\n#section_1791814373 {\n  padding-top: 0px;\n  padding-bottom: 0px;\n  margin-bottom: -6px;\n}\n#section_1791814373 .section-bg-overlay {\n  background-color: rgba(19, 97, 168, 0.9);\n}\n<\/style>\n\t<\/section>\n\t\n\t<div id=\"gap-918667517\" class=\"gap-element clearfix\" style=\"display:block; height:auto;\">\n\t\t\n<style>\n#gap-918667517 {\n  padding-top: 30px;\n}\n<\/style>\n\t<\/div>\n\t\n\n\n\n\n\n\t<div id=\"gap-778462504\" class=\"gap-element clearfix\" style=\"display:block; height:auto;\">\n\t\t\n<style>\n#gap-778462504 {\n  padding-top: 30px;\n}\n<\/style>\n\t<\/div>\n\t\n\n\n\t<section class=\"section hide-for-medium\" id=\"section_2127046067\">\n\t\t<div class=\"section-bg fill\" >\n\t\t\t\t\t\t\t\t\t\n\t\t\t\n\n\t\t<\/div>\n\n\t\t\n\n\t\t<div class=\"section-content relative\">\n\t\t\t\n\n<div class=\"row align-middle\"  id=\"row-764121786\">\n\n\n\t<div id=\"col-1690962856\" class=\"col medium-6 small-12 large-6\"  >\n\t\t\t\t<div class=\"col-inner\"  >\n\t\t\t\n\t\t\t\n\n\t<div class=\"img has-hover x md-x lg-x y md-y lg-y\" id=\"image_257731366\">\n\t\t\t\t\t\t<div data-animate=\"flipInY\">\t\t<div class=\"img-inner image-zoom-fade image-cover dark\" style=\"padding-top:673px;\">\n\t\t\t<img loading=\"lazy\" decoding=\"async\" width=\"1020\" height=\"583\" src=\"https:\/\/alltranscargogroup.com\/wp-content\/uploads\/2025\/01\/carga-sobre-dimencionada-1400x800.jpg\" class=\"attachment-large size-large\" alt=\"\" srcset=\"https:\/\/alltranscargogroup.com\/wp-content\/uploads\/2025\/01\/carga-sobre-dimencionada-1400x800.jpg 1400w, https:\/\/alltranscargogroup.com\/wp-content\/uploads\/2025\/01\/carga-sobre-dimencionada-700x400.jpg 700w, https:\/\/alltranscargogroup.com\/wp-content\/uploads\/2025\/01\/carga-sobre-dimencionada-768x439.jpg 768w, https:\/\/alltranscargogroup.com\/wp-content\/uploads\/2025\/01\/carga-sobre-dimencionada-1536x878.jpg 1536w, https:\/\/alltranscargogroup.com\/wp-content\/uploads\/2025\/01\/carga-sobre-dimencionada-18x10.jpg 18w, https:\/\/alltranscargogroup.com\/wp-content\/uploads\/2025\/01\/carga-sobre-dimencionada.jpg 1792w\" sizes=\"auto, (max-width: 1020px) 100vw, 1020px\" \/>\t\t\t\t\t\t\n\t\t\t\t\t<\/div>\n\t\t<\/div>\t\t\t\t\t\t\n<style>\n#image_257731366 {\n  width: 100%;\n}\n<\/style>\n\t<\/div>\n\t\n\n\n\t\t<\/div>\n\t\t\t\t\t<\/div>\n\n\t\n\n\t<div id=\"col-1750333502\" class=\"col medium-6 small-12 large-6\"  >\n\t\t\t\t<div class=\"col-inner text-center\"  >\n\t\t\t\n\t\t\t\n\n\t<div id=\"text-1737050931\" class=\"text\">\n\t\t\n\n<h2><span style=\"color: #1362a4;\"><span style=\"font-size: 150%;\">Project Cargo Service<\/span><\/span><\/h2>\n<p data-pm-slice=\"1 1 &#091;&#093;\">We understand that handling oversized loads requires experience, precision and tailor-made solutions. That's why we offer customized services designed to transport industrial equipment, heavy machinery and other large goods with maximum safety and efficiency.<\/p>\n<p data-pm-slice=\"1 3 &#091;&#093;\"><strong>What types of loads do we handle?<\/strong><\/p>\n<ul data-spread=\"false\">\n<li>\n<p>Industrial machinery<\/p>\n<\/li>\n<li>\n<p>Energy components<\/p>\n<\/li>\n<li>\n<p>Modular structures<\/p>\n<\/li>\n<li>\n<p>Infrastructure projects<\/p>\n<\/li>\n<li>Etc&#8230;<\/li>\n<\/ul>\n<p>Trust us to take your projects to the next level!<\/p>\n\t\t\n<style>\n#text-1737050931 {\n  text-align: left;\n  color: rgb(0,0,0);\n}\n#text-1737050931 > * {\n  color: rgb(0,0,0);\n}\n<\/style>\n\t<\/div>\n\t\n\n\t\t<\/div>\n\t\t\t\t\n<style>\n#col-1750333502 > .col-inner {\n  padding: 10% 10% 10% 10%;\n  max-width: 520px;\n}\n<\/style>\n\t<\/div>\n\n\t\n\n<\/div>\n\n\t\t<\/div>\n\n\t\t\n<style>\n#section_2127046067 {\n  padding-top: 5px;\n  padding-bottom: 5px;\n  margin-bottom: -17px;\n}\n<\/style>\n\t<\/section>\n\t\n\n\t<section class=\"section show-for-medium\" id=\"section_1953733784\">\n\t\t<div class=\"section-bg fill\" >\n\t\t\t\t\t\t\t\t\t\n\t\t\t\n\n\t\t<\/div>\n\n\t\t\n\n\t\t<div class=\"section-content relative\">\n\t\t\t\n\n<div class=\"row align-middle\"  id=\"row-768948151\">\n\n\n\t<div id=\"col-1228750524\" class=\"col medium-6 small-12 large-6\"  >\n\t\t\t\t<div class=\"col-inner\"  >\n\t\t\t\n\t\t\t\n\n\t<div class=\"img has-hover x md-x lg-x y md-y lg-y\" id=\"image_1902223368\">\n\t\t\t\t\t\t\t\t<div class=\"img-inner image-cover dark\" style=\"padding-top:465px;\">\n\t\t\t<img loading=\"lazy\" decoding=\"async\" width=\"533\" height=\"800\" src=\"https:\/\/alltranscargogroup.com\/wp-content\/uploads\/2024\/04\/big-container-ship-docked-port-533x800.jpg\" class=\"attachment-large size-large\" alt=\"\" srcset=\"https:\/\/alltranscargogroup.com\/wp-content\/uploads\/2024\/04\/big-container-ship-docked-port-533x800.jpg 533w, https:\/\/alltranscargogroup.com\/wp-content\/uploads\/2024\/04\/big-container-ship-docked-port-267x400.jpg 267w, https:\/\/alltranscargogroup.com\/wp-content\/uploads\/2024\/04\/big-container-ship-docked-port-768x1152.jpg 768w, https:\/\/alltranscargogroup.com\/wp-content\/uploads\/2024\/04\/big-container-ship-docked-port-1024x1536.jpg 1024w, https:\/\/alltranscargogroup.com\/wp-content\/uploads\/2024\/04\/big-container-ship-docked-port-1365x2048.jpg 1365w, https:\/\/alltranscargogroup.com\/wp-content\/uploads\/2024\/04\/big-container-ship-docked-port-scaled.jpg 1707w\" sizes=\"auto, (max-width: 533px) 100vw, 533px\" \/>\t\t\t\t\t\t\n\t\t\t\t\t<\/div>\n\t\t\t\t\t\t\t\t\n<style>\n#image_1902223368 {\n  width: 100%;\n}\n<\/style>\n\t<\/div>\n\t\n\n\n\t\t<\/div>\n\t\t\t\t\t<\/div>\n\n\t\n\n\t<div id=\"col-121725558\" class=\"col medium-6 small-12 large-6\"  >\n\t\t\t\t<div class=\"col-inner text-center\"  >\n\t\t\t\n\t\t\t\n\n\t<div id=\"text-3118084986\" class=\"text\">\n\t\t\n\n<h2><span style=\"color: #3a98d8;\"><span style=\"font-size: 150%;\">Maritime Services<\/span><\/span><\/h2>\n<div class=\"text\">\n<p>With a qualified Import Team focused on giving a highest customer service, avoiding extras charges for demurrages etc. expertise makes us growing day by day in this field.\nWe also provide services such as: Customs Clerance, duties and taxes and local transportation.\n\n-\tProject cargo<\/p>\n<p>We provide the \u201cPort to Port\u201d service: we deliver the merchandise from the port of shipment to the port of destination closest to the exporter's or importer's plant. We guarantee efficiency and care throughout the delivery process.<\/p>\n<p>Our \u201cCustoms Clearance\u201d service operates in the main ports of Brazil, such as Santos (SP), Itaja\u00ed, S\u00e3o Francisco do Sul (SC), Paranagu\u00e1 (PR), each with branches to serve the specific needs of the client. We are committed to facilitating customs procedures for a hassle-free import or export experience.<\/p>\n<\/div>\n\t\t\n<style>\n#text-3118084986 {\n  text-align: left;\n}\n<\/style>\n\t<\/div>\n\t\n\n\t\t<\/div>\n\t\t\t\t\n<style>\n#col-121725558 > .col-inner {\n  padding: 0px 10% 10% 10%;\n  max-width: 520px;\n}\n@media (min-width:550px) {\n  #col-121725558 > .col-inner {\n    padding: 10% 10% 10% 10%;\n  }\n}\n<\/style>\n\t<\/div>\n\n\t\n\n<\/div>\n\n\t\t<\/div>\n\n\t\t\n<style>\n#section_1953733784 {\n  padding-top: 0px;\n  padding-bottom: 0px;\n  margin-bottom: -88px;\n  background-color: rgb(247, 247, 247);\n}\n<\/style>\n\t<\/section>\n\t\n\n\n\n\n\t<section class=\"section\" id=\"section_1643167033\">\n\t\t<div class=\"section-bg fill\" >\n\t\t\t\t\t\t\t\t\t\n\t\t\t\n\n\t\t<\/div>\n\n\t\t\n\n\t\t<div class=\"section-content relative\">\n\t\t\t\n\n<div class=\"row align-middle\"  id=\"row-1452388458\">\n\n\n\t<div id=\"col-1822443086\" class=\"col medium-4 small-12 large-4\"  >\n\t\t\t\t<div class=\"col-inner text-center\"  >\n\t\t\t\n\t\t\t\n\n\n  <div class=\"banner has-hover bg-zoom\" id=\"banner-1294910358\">\n          <div class=\"banner-inner fill\">\n        <div class=\"banner-bg fill\" >\n            <img loading=\"lazy\" decoding=\"async\" width=\"1020\" height=\"583\" src=\"https:\/\/alltranscargogroup.com\/wp-content\/uploads\/2025\/01\/DALL\u00b7E-2025-01-27-12.47.12-A-high-quality-realistic-image-showcasing-oversized-cargo-services-featuring-a-large-piece-of-industrial-machinery-being-transported-on-a-heavy-duty-1400x800.jpg\" class=\"bg attachment-large size-large\" alt=\"\" \/>                                    \n                    <\/div>\n\t\t\n        <div class=\"banner-layers container\">\n            <div class=\"fill banner-link\"><\/div>            \n\n\n        <\/div>\n      <\/div>\n\n            \n<style>\n#banner-1294910358 {\n  padding-top: 99.99%;\n  background-color: rgb(255, 255, 255);\n}\n<\/style>\n  <\/div>\n\n\n\t<div id=\"gap-1709941011\" class=\"gap-element clearfix\" style=\"display:block; height:auto;\">\n\t\t\n<style>\n#gap-1709941011 {\n  padding-top: 20px;\n}\n<\/style>\n\t<\/div>\n\t\n\n<a class=\"button secondary hidden\" style=\"padding:7px 30px 7px 30px;\">\n\t\t<span>See the recipe<\/span>\n\t<\/a>\n\n\n\n\t\t<\/div>\n\t\t\t\t\t<\/div>\n\n\t\n\n\t<div id=\"col-851881270\" class=\"col medium-4 small-12 large-4\"  >\n\t\t\t\t<div class=\"col-inner text-center\"  >\n\t\t\t\n\t\t\t\n\n\n  <div class=\"banner has-hover bg-zoom\" id=\"banner-98762543\">\n          <div class=\"banner-inner fill\">\n        <div class=\"banner-bg fill\" >\n            <img loading=\"lazy\" decoding=\"async\" width=\"800\" height=\"800\" src=\"https:\/\/alltranscargogroup.com\/wp-content\/uploads\/2025\/01\/DALL\u00b7E-2025-01-27-12.47.16-A-highly-realistic-image-showcasing-oversized-cargo-transportation.-A-massive-cylindrical-industrial-structure-securely-mounted-on-a-low-bed-trailer-800x800.jpg\" class=\"bg attachment-large size-large\" alt=\"\" \/>                                    \n                    <\/div>\n\t\t\n        <div class=\"banner-layers container\">\n            <div class=\"fill banner-link\"><\/div>            \n\n\n        <\/div>\n      <\/div>\n\n            \n<style>\n#banner-98762543 {\n  padding-top: 99.99%;\n  background-color: rgb(255, 255, 255);\n}\n<\/style>\n  <\/div>\n\n\n\t<div id=\"gap-56031713\" class=\"gap-element clearfix\" style=\"display:block; height:auto;\">\n\t\t\n<style>\n#gap-56031713 {\n  padding-top: 20px;\n}\n<\/style>\n\t<\/div>\n\t\n\n<a class=\"button secondary hidden\" style=\"padding:7px 30px 7px 30px;\">\n\t\t<span>See the recipe<\/span>\n\t<\/a>\n\n\n\n\t\t<\/div>\n\t\t\t\t\t<\/div>\n\n\t\n\n\t<div id=\"col-22713359\" class=\"col medium-4 small-12 large-4\"  >\n\t\t\t\t<div class=\"col-inner text-center\"  >\n\t\t\t\n\t\t\t\n\n\n  <div class=\"banner has-hover bg-zoom\" id=\"banner-686872330\">\n          <div class=\"banner-inner fill\">\n        <div class=\"banner-bg fill\" >\n            <img loading=\"lazy\" decoding=\"async\" width=\"600\" height=\"414\" src=\"https:\/\/alltranscargogroup.com\/wp-content\/uploads\/2025\/01\/depositphotos_349033974-stock-photo-two-large-lowbed-semi-trucks.webp\" class=\"bg attachment-large size-large\" alt=\"\" \/>                                    \n                    <\/div>\n\t\t\n        <div class=\"banner-layers container\">\n            <div class=\"fill banner-link\"><\/div>            \n\n\n        <\/div>\n      <\/div>\n\n            \n<style>\n#banner-686872330 {\n  padding-top: 99.99%;\n  background-color: rgb(255, 255, 255);\n}\n<\/style>\n  <\/div>\n\n\n\t<div id=\"gap-1232593814\" class=\"gap-element clearfix\" style=\"display:block; height:auto;\">\n\t\t\n<style>\n#gap-1232593814 {\n  padding-top: 20px;\n}\n<\/style>\n\t<\/div>\n\t\n\n<a class=\"button secondary hidden\" style=\"padding:7px 30px 7px 30px;\">\n\t\t<span>See the recipe<\/span>\n\t<\/a>\n\n\n\n\t\t<\/div>\n\t\t\t\t\t<\/div>\n\n\t\n\n<\/div>\n\t<div id=\"gap-1921162182\" class=\"gap-element clearfix\" style=\"display:block; height:auto;\">\n\t\t\n<style>\n#gap-1921162182 {\n  padding-top: 0px;\n}\n@media (min-width:550px) {\n  #gap-1921162182 {\n    padding-top: 20px;\n  }\n}\n@media (min-width:850px) {\n  #gap-1921162182 {\n    padding-top: 50px;\n  }\n}\n<\/style>\n\t<\/div>\n\t\n\n\n\t\t<\/div>\n\n\t\t\n<style>\n#section_1643167033 {\n  padding-top: 30px;\n  padding-bottom: 30px;\n}\n<\/style>\n\t<\/section>","protected":false},"excerpt":{"rendered":"","protected":false},"author":2,"featured_media":0,"parent":0,"menu_order":0,"comment_status":"closed","ping_status":"closed","template":"page-blank.php","meta":{"_joinchat":[],"footnotes":""},"class_list":["post-2085","page","type-page","status-publish","hentry"],"yoast_head":"<!-- This site is optimized with the Yoast SEO plugin v27.4 - https:\/\/yoast.com\/product\/yoast-seo-wordpress\/ -->\n<title>Project Cargo - All Trans Cargo Group<\/title>\n<meta name=\"robots\" content=\"index, follow, max-snippet:-1, max-image-preview:large, max-video-preview:-1\" \/>\n<link rel=\"canonical\" href=\"https:\/\/alltranscargogroup.com\/en\/project-cargo\/\" \/>\n<meta property=\"og:locale\" content=\"en_US\" \/>\n<meta property=\"og:type\" content=\"article\" \/>\n<meta property=\"og:title\" content=\"Project Cargo - All Trans Cargo Group\" \/>\n<meta property=\"og:url\" content=\"https:\/\/alltranscargogroup.com\/en\/project-cargo\/\" \/>\n<meta property=\"og:site_name\" content=\"All Trans Cargo Group\" \/>\n<meta property=\"article:publisher\" content=\"https:\/\/www.facebook.com\/Alltranscargogroup\" \/>\n<meta property=\"article:modified_time\" content=\"2025-01-27T18:30:16+00:00\" \/>\n<meta name=\"twitter:card\" content=\"summary_large_image\" \/>\n<meta name=\"twitter:site\" content=\"@alltranscargo\" \/>\n<meta name=\"twitter:label1\" content=\"Est. reading time\" \/>\n\t<meta name=\"twitter:data1\" content=\"10 minutes\" \/>\n<script type=\"application\/ld+json\" class=\"yoast-schema-graph\">{\"@context\":\"https:\\\/\\\/schema.org\",\"@graph\":[{\"@type\":\"WebPage\",\"@id\":\"https:\\\/\\\/alltranscargogroup.com\\\/project-cargo\\\/\",\"url\":\"https:\\\/\\\/alltranscargogroup.com\\\/project-cargo\\\/\",\"name\":\"Project Cargo - All Trans Cargo Group\",\"isPartOf\":{\"@id\":\"https:\\\/\\\/alltranscargogroup.com\\\/#website\"},\"datePublished\":\"2025-01-27T16:54:23+00:00\",\"dateModified\":\"2025-01-27T18:30:16+00:00\",\"breadcrumb\":{\"@id\":\"https:\\\/\\\/alltranscargogroup.com\\\/project-cargo\\\/#breadcrumb\"},\"inLanguage\":\"en-US\",\"potentialAction\":[{\"@type\":\"ReadAction\",\"target\":[\"https:\\\/\\\/alltranscargogroup.com\\\/project-cargo\\\/\"]}]},{\"@type\":\"BreadcrumbList\",\"@id\":\"https:\\\/\\\/alltranscargogroup.com\\\/project-cargo\\\/#breadcrumb\",\"itemListElement\":[{\"@type\":\"ListItem\",\"position\":1,\"name\":\"Portada\",\"item\":\"https:\\\/\\\/alltranscargogroup.com\\\/\"},{\"@type\":\"ListItem\",\"position\":2,\"name\":\"Project Cargo\"}]},{\"@type\":\"WebSite\",\"@id\":\"https:\\\/\\\/alltranscargogroup.com\\\/#website\",\"url\":\"https:\\\/\\\/alltranscargogroup.com\\\/\",\"name\":\"All Trans Cargo Group\",\"description\":\"All Trans Cargo Group\",\"publisher\":{\"@id\":\"https:\\\/\\\/alltranscargogroup.com\\\/#organization\"},\"potentialAction\":[{\"@type\":\"SearchAction\",\"target\":{\"@type\":\"EntryPoint\",\"urlTemplate\":\"https:\\\/\\\/alltranscargogroup.com\\\/?s={search_term_string}\"},\"query-input\":{\"@type\":\"PropertyValueSpecification\",\"valueRequired\":true,\"valueName\":\"search_term_string\"}}],\"inLanguage\":\"en-US\"},{\"@type\":\"Organization\",\"@id\":\"https:\\\/\\\/alltranscargogroup.com\\\/#organization\",\"name\":\"All Trans Cargo Group\",\"url\":\"https:\\\/\\\/alltranscargogroup.com\\\/\",\"logo\":{\"@type\":\"ImageObject\",\"inLanguage\":\"en-US\",\"@id\":\"https:\\\/\\\/alltranscargogroup.com\\\/#\\\/schema\\\/logo\\\/image\\\/\",\"url\":\"https:\\\/\\\/alltranscargogroup.com\\\/wp-content\\\/uploads\\\/2016\\\/08\\\/LOGO-ALL-TRANS-CARGO-GROUP.png\",\"contentUrl\":\"https:\\\/\\\/alltranscargogroup.com\\\/wp-content\\\/uploads\\\/2016\\\/08\\\/LOGO-ALL-TRANS-CARGO-GROUP.png\",\"width\":5625,\"height\":2057,\"caption\":\"All Trans Cargo Group\"},\"image\":{\"@id\":\"https:\\\/\\\/alltranscargogroup.com\\\/#\\\/schema\\\/logo\\\/image\\\/\"},\"sameAs\":[\"https:\\\/\\\/www.facebook.com\\\/Alltranscargogroup\",\"https:\\\/\\\/x.com\\\/alltranscargo\",\"https:\\\/\\\/www.threads.net\\\/@alltranscargogroup?xmt=AQGzOWF-PAlbJeTDKdg8C_LAx7g8oE9CnaRAP2ktb7Cdnqc\"]}]}<\/script>\n<!-- \/ Yoast SEO plugin. -->","yoast_head_json":{"title":"Project Cargo - All Trans Cargo Group","robots":{"index":"index","follow":"follow","max-snippet":"max-snippet:-1","max-image-preview":"max-image-preview:large","max-video-preview":"max-video-preview:-1"},"canonical":"https:\/\/alltranscargogroup.com\/en\/project-cargo\/","og_locale":"en_US","og_type":"article","og_title":"Project Cargo - All Trans Cargo Group","og_url":"https:\/\/alltranscargogroup.com\/en\/project-cargo\/","og_site_name":"All Trans Cargo Group","article_publisher":"https:\/\/www.facebook.com\/Alltranscargogroup","article_modified_time":"2025-01-27T18:30:16+00:00","twitter_card":"summary_large_image","twitter_site":"@alltranscargo","twitter_misc":{"Est. reading time":"10 minutes"},"schema":{"@context":"https:\/\/schema.org","@graph":[{"@type":"WebPage","@id":"https:\/\/alltranscargogroup.com\/project-cargo\/","url":"https:\/\/alltranscargogroup.com\/project-cargo\/","name":"Project Cargo - All Trans Cargo Group","isPartOf":{"@id":"https:\/\/alltranscargogroup.com\/#website"},"datePublished":"2025-01-27T16:54:23+00:00","dateModified":"2025-01-27T18:30:16+00:00","breadcrumb":{"@id":"https:\/\/alltranscargogroup.com\/project-cargo\/#breadcrumb"},"inLanguage":"en-US","potentialAction":[{"@type":"ReadAction","target":["https:\/\/alltranscargogroup.com\/project-cargo\/"]}]},{"@type":"BreadcrumbList","@id":"https:\/\/alltranscargogroup.com\/project-cargo\/#breadcrumb","itemListElement":[{"@type":"ListItem","position":1,"name":"Portada","item":"https:\/\/alltranscargogroup.com\/"},{"@type":"ListItem","position":2,"name":"Project Cargo"}]},{"@type":"WebSite","@id":"https:\/\/alltranscargogroup.com\/#website","url":"https:\/\/alltranscargogroup.com\/","name":"All Trans Cargo Group,","description":"All Trans Cargo Group,","publisher":{"@id":"https:\/\/alltranscargogroup.com\/#organization"},"potentialAction":[{"@type":"SearchAction","target":{"@type":"EntryPoint","urlTemplate":"https:\/\/alltranscargogroup.com\/?s={search_term_string}"},"query-input":{"@type":"PropertyValueSpecification","valueRequired":true,"valueName":"search_term_string"}}],"inLanguage":"en-US"},{"@type":"Organization","@id":"https:\/\/alltranscargogroup.com\/#organization","name":"All Trans Cargo Group,","url":"https:\/\/alltranscargogroup.com\/","logo":{"@type":"ImageObject","inLanguage":"en-US","@id":"https:\/\/alltranscargogroup.com\/#\/schema\/logo\/image\/","url":"https:\/\/alltranscargogroup.com\/wp-content\/uploads\/2016\/08\/LOGO-ALL-TRANS-CARGO-GROUP.png","contentUrl":"https:\/\/alltranscargogroup.com\/wp-content\/uploads\/2016\/08\/LOGO-ALL-TRANS-CARGO-GROUP.png","width":5625,"height":2057,"caption":"All Trans Cargo Group"},"image":{"@id":"https:\/\/alltranscargogroup.com\/#\/schema\/logo\/image\/"},"sameAs":["https:\/\/www.facebook.com\/Alltranscargogroup","https:\/\/x.com\/alltranscargo","https:\/\/www.threads.net\/@alltranscargogroup?xmt=AQGzOWF-PAlbJeTDKdg8C_LAx7g8oE9CnaRAP2ktb7Cdnqc"]}]}},"_links":{"self":[{"href":"https:\/\/alltranscargogroup.com\/en\/wp-json\/wp\/v2\/pages\/2085","targetHints":{"allow":["GET"]}}],"collection":[{"href":"https:\/\/alltranscargogroup.com\/en\/wp-json\/wp\/v2\/pages"}],"about":[{"href":"https:\/\/alltranscargogroup.com\/en\/wp-json\/wp\/v2\/types\/page"}],"author":[{"embeddable":true,"href":"https:\/\/alltranscargogroup.com\/en\/wp-json\/wp\/v2\/users\/2"}],"replies":[{"embeddable":true,"href":"https:\/\/alltranscargogroup.com\/en\/wp-json\/wp\/v2\/comments?post=2085"}],"version-history":[{"count":8,"href":"https:\/\/alltranscargogroup.com\/en\/wp-json\/wp\/v2\/pages\/2085\/revisions"}],"predecessor-version":[{"id":2102,"href":"https:\/\/alltranscargogroup.com\/en\/wp-json\/wp\/v2\/pages\/2085\/revisions\/2102"}],"wp:attachment":[{"href":"https:\/\/alltranscargogroup.com\/en\/wp-json\/wp\/v2\/media?parent=2085"}],"curies":[{"name":"wp","href":"https:\/\/api.w.org\/{rel}","templated":true}]}}